{"id":868,"date":"2016-05-25T17:34:37","date_gmt":"2016-05-25T15:34:37","guid":{"rendered":"http:\/\/www.steinemann.com\/en\/?page_id=868"},"modified":"2020-12-07T08:52:30","modified_gmt":"2020-12-07T07:52:30","slug":"sanding-3","status":"publish","type":"page","link":"https:\/\/www.steinemann.com\/en\/sanding-3\/","title":{"rendered":"Sanding"},"content":{"rendered":"<h1>The Art of Sanding<\/h1>\n<h2>Der Weg zur vollendeten Plattenoberfl\u00e4che ist viel zu komplex, um sich auf oberfl\u00e4chliche Partner verlassen zu k\u00f6nnen.<\/h2>\n<div class=\"fusion-fullwidth fullwidth-box fusion-builder-row-1 fusion-flex-container hundred-percent-fullwidth non-hundred-percent-height-scrolling\" style=\"--awb-border-radius-top-left:0px;--awb-border-radius-top-right:0px;--awb-border-radius-bottom-right:0px;--awb-border-radius-bottom-left:0px;--awb-overflow:visible;--awb-flex-wrap:wrap;\" ><div class=\"fusion-builder-row fusion-row fusion-flex-align-items-flex-start fusion-flex-content-wrap\" style=\"width:104% !important;max-width:104% !important;margin-left: calc(-4% \/ 2 );margin-right: calc(-4% \/ 2 );\"><div class=\"fusion-layout-column fusion_builder_column fusion-builder-column-0 fusion_builder_column_1_2 1_2 fusion-flex-column\" style=\"--awb-bg-size:cover;--awb-width-large:50%;--awb-margin-top-large:0px;--awb-spacing-right-large:3.84%;--awb-margin-bottom-large:20px;--awb-spacing-left-large:3.84%;--awb-width-medium:50%;--awb-spacing-right-medium:3.84%;--awb-spacing-left-medium:3.84%;--awb-width-small:100%;--awb-spacing-right-small:1.92%;--awb-spacing-left-small:1.92%;\"><div class=\"fusion-column-wrapper fusion-flex-justify-content-flex-start fusion-content-layout-column\">\nLangj\u00e4hrige Partnerschaften mit Plattenproduzenten in aller Welt sprechen eine klare Sprache. Wenn es gilt, Oberfl\u00e4chen industriell zu schleifen und engste Dickentoleranzen einzuhalten, f\u00fchrt kein Weg an Steinemann vorbei. <\/p>\n<p>Die \u00fcberragende Maschinenqualit\u00e4t ist nur ein Grund f\u00fcr diese f\u00fchrende Stellung.<\/p>\n<p>Innovationsgeist und technologischer Vorsprung bilden das Herzst\u00fcck der Gesamtkompetenz, dank welcher Kunden von einem umfassenden Leistungssystem aus Maschinen, Schleifmitteln, Ersatzteil- und Serviceverf\u00fcgbarkeit sowie Prozess-Optimierungen profitieren k\u00f6nnen.<\/div><\/div>\n<div class=\"fusion-layout-column fusion_builder_column fusion-builder-column-1 fusion_builder_column_1_2 1_2 fusion-flex-column\" style=\"--awb-bg-size:cover;--awb-width-large:50%;--awb-margin-top-large:0px;--awb-spacing-right-large:3.84%;--awb-margin-bottom-large:20px;--awb-spacing-left-large:3.84%;--awb-width-medium:50%;--awb-spacing-right-medium:3.84%;--awb-spacing-left-medium:3.84%;--awb-width-small:100%;--awb-spacing-right-small:1.92%;--awb-spacing-left-small:1.92%;\"><div class=\"fusion-column-wrapper fusion-flex-justify-content-flex-start fusion-content-layout-column\">\n<img decoding=\"async\" src=\"https:\/\/www.steinemann.com\/wp-content\/uploads\/ad2311f542.gif\"><\/div><\/div>\n<style>\n.fusion-header-v4 .fusion-logo .fusion-logo-link::after {content:\"SANDING\";font-weight:bold;font-size:25px;padding-left:20px;color:#0055a5;line-height: 34px !important;}\n.fusion-secondary-main-menu {background-color: #0055a5 !important;}\n.post-content h1 {color: #0055a5 !important;}\n.fusion-footer-widget-area {background-color: #0055a5 !important;}\n.fusion-footer-widget-area ul li a {border-color:#edf2f5 !important;}\n.fusion-main-menu .current_page_item > a {color:#a2cdf8 !important;}\n.fusion-main-menu > ul > li > a:hover {color:#a2cdf8 !important;}\n#wrapper .fusion-widget-area .current_page_item > a {color:#a2cdf8 !important;}\n.fusion-footer-widget-area ul li a:hover {color:#a2cdf8 !important;}\n.fusion-footer-widget-area a:hover {color:#a2cdf8 !important;}\n.fusion-main-menu .fusion-main-menu-search a:hover {color:#a2cdf8 !important;}\n.fusion-main-menu .sub-menu {\n    background-color: #a2cdf8 !important; border-top: 3px solid #a2cdf8 !important;}\n.fusion-main-menu .sub-menu a:hover {background-color:#a2cdf8 !important;}\n<\/style>\n<\/div><\/div>\n","protected":false},"excerpt":{"rendered":"<p>The Art of Sanding Der Weg zur vollendeten Plattenoberfl\u00e4che ist viel zu komplex, um sich auf oberfl\u00e4chliche Partner verlassen zu k\u00f6nnen.<\/p>\n","protected":false},"author":1,"featured_media":0,"parent":0,"menu_order":0,"comment_status":"closed","ping_status":"closed","template":"","meta":{"footnotes":""},"class_list":["post-868","page","type-page","status-publish","hentry"],"yoast_head":"<!-- This site is optimized with the Yoast SEO plugin v27.4 - https:\/\/yoast.com\/product\/yoast-seo-wordpress\/ -->\n<title>Sanding - Steinemann Technology AG<\/title>\n<meta name=\"robots\" content=\"index, follow, max-snippet:-1, max-image-preview:large, max-video-preview:-1\" \/>\n<link rel=\"canonical\" href=\"https:\/\/www.steinemann.com\/en\/sanding-3\/\" \/>\n<meta property=\"og:locale\" content=\"en_US\" \/>\n<meta property=\"og:type\" content=\"article\" \/>\n<meta property=\"og:title\" content=\"Sanding - Steinemann Technology AG\" \/>\n<meta property=\"og:description\" content=\"The Art of Sanding Der Weg zur vollendeten Plattenoberfl\u00e4che ist viel zu komplex, um sich auf oberfl\u00e4chliche Partner verlassen zu k\u00f6nnen.\" \/>\n<meta property=\"og:url\" content=\"https:\/\/www.steinemann.com\/en\/sanding-3\/\" \/>\n<meta property=\"og:site_name\" content=\"Steinemann Technology AG\" \/>\n<meta property=\"article:modified_time\" content=\"2020-12-07T07:52:30+00:00\" \/>\n<meta property=\"og:image\" content=\"https:\/\/www.steinemann.com\/wp-content\/uploads\/ad2311f542.gif\" \/>\n<meta name=\"twitter:card\" content=\"summary_large_image\" \/>\n<meta name=\"twitter:label1\" content=\"Est. reading time\" \/>\n\t<meta name=\"twitter:data1\" content=\"1 minute\" \/>\n<script type=\"application\/ld+json\" class=\"yoast-schema-graph\">{\"@context\":\"https:\\\/\\\/schema.org\",\"@graph\":[{\"@type\":\"WebPage\",\"@id\":\"https:\\\/\\\/www.steinemann.com\\\/en\\\/sanding-3\\\/\",\"url\":\"https:\\\/\\\/www.steinemann.com\\\/en\\\/sanding-3\\\/\",\"name\":\"Sanding - Steinemann Technology AG\",\"isPartOf\":{\"@id\":\"https:\\\/\\\/www.steinemann.com\\\/en\\\/#website\"},\"primaryImageOfPage\":{\"@id\":\"https:\\\/\\\/www.steinemann.com\\\/en\\\/sanding-3\\\/#primaryimage\"},\"image\":{\"@id\":\"https:\\\/\\\/www.steinemann.com\\\/en\\\/sanding-3\\\/#primaryimage\"},\"thumbnailUrl\":\"https:\\\/\\\/www.steinemann.com\\\/wp-content\\\/uploads\\\/ad2311f542.gif\",\"datePublished\":\"2016-05-25T15:34:37+00:00\",\"dateModified\":\"2020-12-07T07:52:30+00:00\",\"breadcrumb\":{\"@id\":\"https:\\\/\\\/www.steinemann.com\\\/en\\\/sanding-3\\\/#breadcrumb\"},\"inLanguage\":\"en-US\",\"potentialAction\":[{\"@type\":\"ReadAction\",\"target\":[\"https:\\\/\\\/www.steinemann.com\\\/en\\\/sanding-3\\\/\"]}]},{\"@type\":\"ImageObject\",\"inLanguage\":\"en-US\",\"@id\":\"https:\\\/\\\/www.steinemann.com\\\/en\\\/sanding-3\\\/#primaryimage\",\"url\":\"https:\\\/\\\/www.steinemann.com\\\/wp-content\\\/uploads\\\/ad2311f542.gif\",\"contentUrl\":\"https:\\\/\\\/www.steinemann.com\\\/wp-content\\\/uploads\\\/ad2311f542.gif\"},{\"@type\":\"BreadcrumbList\",\"@id\":\"https:\\\/\\\/www.steinemann.com\\\/en\\\/sanding-3\\\/#breadcrumb\",\"itemListElement\":[{\"@type\":\"ListItem\",\"position\":1,\"name\":\"Startseite\",\"item\":\"https:\\\/\\\/www.steinemann.com\\\/en\\\/\"},{\"@type\":\"ListItem\",\"position\":2,\"name\":\"Sanding\"}]},{\"@type\":\"WebSite\",\"@id\":\"https:\\\/\\\/www.steinemann.com\\\/en\\\/#website\",\"url\":\"https:\\\/\\\/www.steinemann.com\\\/en\\\/\",\"name\":\"Steinemann Technology AG\",\"description\":\"\",\"potentialAction\":[{\"@type\":\"SearchAction\",\"target\":{\"@type\":\"EntryPoint\",\"urlTemplate\":\"https:\\\/\\\/www.steinemann.com\\\/en\\\/?s={search_term_string}\"},\"query-input\":{\"@type\":\"PropertyValueSpecification\",\"valueRequired\":true,\"valueName\":\"search_term_string\"}}],\"inLanguage\":\"en-US\"}]}<\/script>\n<!-- \/ Yoast SEO plugin. -->","yoast_head_json":{"title":"Sanding - Steinemann Technology AG","robots":{"index":"index","follow":"follow","max-snippet":"max-snippet:-1","max-image-preview":"max-image-preview:large","max-video-preview":"max-video-preview:-1"},"canonical":"https:\/\/www.steinemann.com\/en\/sanding-3\/","og_locale":"en_US","og_type":"article","og_title":"Sanding - Steinemann Technology AG","og_description":"The Art of Sanding Der Weg zur vollendeten Plattenoberfl\u00e4che ist viel zu komplex, um sich auf oberfl\u00e4chliche Partner verlassen zu k\u00f6nnen.","og_url":"https:\/\/www.steinemann.com\/en\/sanding-3\/","og_site_name":"Steinemann Technology AG","article_modified_time":"2020-12-07T07:52:30+00:00","og_image":[{"url":"https:\/\/www.steinemann.com\/wp-content\/uploads\/ad2311f542.gif","type":"","width":"","height":""}],"twitter_card":"summary_large_image","twitter_misc":{"Est. reading time":"1 minute"},"schema":{"@context":"https:\/\/schema.org","@graph":[{"@type":"WebPage","@id":"https:\/\/www.steinemann.com\/en\/sanding-3\/","url":"https:\/\/www.steinemann.com\/en\/sanding-3\/","name":"Sanding - Steinemann Technology AG","isPartOf":{"@id":"https:\/\/www.steinemann.com\/en\/#website"},"primaryImageOfPage":{"@id":"https:\/\/www.steinemann.com\/en\/sanding-3\/#primaryimage"},"image":{"@id":"https:\/\/www.steinemann.com\/en\/sanding-3\/#primaryimage"},"thumbnailUrl":"https:\/\/www.steinemann.com\/wp-content\/uploads\/ad2311f542.gif","datePublished":"2016-05-25T15:34:37+00:00","dateModified":"2020-12-07T07:52:30+00:00","breadcrumb":{"@id":"https:\/\/www.steinemann.com\/en\/sanding-3\/#breadcrumb"},"inLanguage":"en-US","potentialAction":[{"@type":"ReadAction","target":["https:\/\/www.steinemann.com\/en\/sanding-3\/"]}]},{"@type":"ImageObject","inLanguage":"en-US","@id":"https:\/\/www.steinemann.com\/en\/sanding-3\/#primaryimage","url":"https:\/\/www.steinemann.com\/wp-content\/uploads\/ad2311f542.gif","contentUrl":"https:\/\/www.steinemann.com\/wp-content\/uploads\/ad2311f542.gif"},{"@type":"BreadcrumbList","@id":"https:\/\/www.steinemann.com\/en\/sanding-3\/#breadcrumb","itemListElement":[{"@type":"ListItem","position":1,"name":"Startseite","item":"https:\/\/www.steinemann.com\/en\/"},{"@type":"ListItem","position":2,"name":"Sanding"}]},{"@type":"WebSite","@id":"https:\/\/www.steinemann.com\/en\/#website","url":"https:\/\/www.steinemann.com\/en\/","name":"Steinemann Technology AG","description":"","potentialAction":[{"@type":"SearchAction","target":{"@type":"EntryPoint","urlTemplate":"https:\/\/www.steinemann.com\/en\/?s={search_term_string}"},"query-input":{"@type":"PropertyValueSpecification","valueRequired":true,"valueName":"search_term_string"}}],"inLanguage":"en-US"}]}},"_links":{"self":[{"href":"https:\/\/www.steinemann.com\/en\/wp-json\/wp\/v2\/pages\/868","targetHints":{"allow":["GET"]}}],"collection":[{"href":"https:\/\/www.steinemann.com\/en\/wp-json\/wp\/v2\/pages"}],"about":[{"href":"https:\/\/www.steinemann.com\/en\/wp-json\/wp\/v2\/types\/page"}],"author":[{"embeddable":true,"href":"https:\/\/www.steinemann.com\/en\/wp-json\/wp\/v2\/users\/1"}],"replies":[{"embeddable":true,"href":"https:\/\/www.steinemann.com\/en\/wp-json\/wp\/v2\/comments?post=868"}],"version-history":[{"count":0,"href":"https:\/\/www.steinemann.com\/en\/wp-json\/wp\/v2\/pages\/868\/revisions"}],"wp:attachment":[{"href":"https:\/\/www.steinemann.com\/en\/wp-json\/wp\/v2\/media?parent=868"}],"curies":[{"name":"wp","href":"https:\/\/api.w.org\/{rel}","templated":true}]}}