{"id":8249,"date":"2019-10-22T17:32:05","date_gmt":"2019-10-22T15:32:05","guid":{"rendered":"http:\/\/www.steinemann.com\/en\/prozessleitsystem-bqc\/"},"modified":"2020-12-07T08:52:26","modified_gmt":"2020-12-07T07:52:26","slug":"prozessleitsystem-bqc","status":"publish","type":"page","link":"https:\/\/www.steinemann.com\/en\/prozessleitsystem-bqc\/","title":{"rendered":"Prozessleitsystem BQC"},"content":{"rendered":"<div class=\"fusion-fullwidth fullwidth-box fusion-builder-row-1 fusion-flex-container hundred-percent-fullwidth non-hundred-percent-height-scrolling\" style=\"--awb-border-radius-top-left:0px;--awb-border-radius-top-right:0px;--awb-border-radius-bottom-right:0px;--awb-border-radius-bottom-left:0px;--awb-overflow:visible;--awb-flex-wrap:wrap;\" ><div class=\"fusion-builder-row fusion-row fusion-flex-align-items-flex-start fusion-flex-content-wrap\" style=\"width:104% !important;max-width:104% !important;margin-left: calc(-4% \/ 2 );margin-right: calc(-4% \/ 2 );\"><div class=\"fusion-layout-column fusion_builder_column fusion-builder-column-0 fusion_builder_column_1_1 1_1 fusion-flex-column\" style=\"--awb-bg-size:cover;--awb-width-large:100%;--awb-margin-top-large:0px;--awb-spacing-right-large:1.92%;--awb-margin-bottom-large:20px;--awb-spacing-left-large:1.92%;--awb-width-medium:100%;--awb-spacing-right-medium:1.92%;--awb-spacing-left-medium:1.92%;--awb-width-small:100%;--awb-spacing-right-small:1.92%;--awb-spacing-left-small:1.92%;\"><div class=\"fusion-column-wrapper fusion-flex-justify-content-flex-start fusion-content-layout-column\"><div class=\"fusion-text fusion-text-1\"><h1><span style=\"color: #0055a5;\">BQC \u2013 BOARD QUALITY COCKPIT<br \/>\n<\/span><\/h1>\n<h2>Das Prozessleitsystem f\u00fcr einen voll-integrierten, automatischen Schleifprozess<\/h2>\n<\/div><\/div><\/div><div class=\"fusion-layout-column fusion_builder_column fusion-builder-column-1 fusion_builder_column_3_5 3_5 fusion-flex-column\" style=\"--awb-bg-size:cover;--awb-width-large:60%;--awb-margin-top-large:0px;--awb-spacing-right-large:3.84%;--awb-margin-bottom-large:20px;--awb-spacing-left-large:3.2%;--awb-width-medium:60%;--awb-spacing-right-medium:3.84%;--awb-spacing-left-medium:3.2%;--awb-width-small:100%;--awb-spacing-right-small:1.92%;--awb-spacing-left-small:1.92%;\"><div class=\"fusion-column-wrapper fusion-flex-justify-content-flex-start fusion-content-layout-column\"><div class=\"fusion-image-element \" style=\"--awb-caption-title-font-family:var(--h2_typography-font-family);--awb-caption-title-font-weight:var(--h2_typography-font-weight);--awb-caption-title-font-style:var(--h2_typography-font-style);--awb-caption-title-size:var(--h2_typography-font-size);--awb-caption-title-transform:var(--h2_typography-text-transform);--awb-caption-title-line-height:var(--h2_typography-line-height);--awb-caption-title-letter-spacing:var(--h2_typography-letter-spacing);\"><span class=\" fusion-imageframe imageframe-none imageframe-1 hover-type-none\"><img decoding=\"async\" width=\"1200\" height=\"924\" title=\"advanced_automation_system\" src=\"https:\/\/www.steinemann.com\/wp-content\/uploads\/advanced_automation_system.jpg\" alt class=\"img-responsive wp-image-8124\" srcset=\"https:\/\/www.steinemann.com\/wp-content\/uploads\/advanced_automation_system-180x138.jpg 180w, https:\/\/www.steinemann.com\/wp-content\/uploads\/advanced_automation_system-300x231.jpg 300w, https:\/\/www.steinemann.com\/wp-content\/uploads\/advanced_automation_system-1024x788.jpg 1024w, https:\/\/www.steinemann.com\/wp-content\/uploads\/advanced_automation_system.jpg 1200w\" sizes=\"(max-width: 1200px) 100vw, 1200px\" \/><\/span><\/div><\/div><\/div><div class=\"fusion-layout-column fusion_builder_column fusion-builder-column-2 fusion_builder_column_2_5 2_5 fusion-flex-column\" style=\"--awb-bg-size:cover;--awb-width-large:40%;--awb-margin-top-large:0px;--awb-spacing-right-large:4.8%;--awb-margin-bottom-large:20px;--awb-spacing-left-large:3.84%;--awb-width-medium:40%;--awb-spacing-right-medium:4.8%;--awb-spacing-left-medium:3.84%;--awb-width-small:100%;--awb-spacing-right-small:1.92%;--awb-spacing-left-small:1.92%;\"><div class=\"fusion-column-wrapper fusion-flex-justify-content-flex-start fusion-content-layout-column\"><div class=\"fusion-text fusion-text-2\"><p>Durch die Kombination der satos-Familie und dem BQC sind wir dem Ziel des vollautomatischen Schleifprozesses einen grossen Schritt n\u00e4her ger\u00fcckt.<\/p>\n<p>Schnittstellen zu externen und internen Systemen unterst\u00fctzen die einfache und komplette Erfassung relevanter Informationen.<\/p>\n<p>Die Daten des gesamten Schleifprozesses werden im BQC analysiert um daraus Handlungsempfehlungen abzuleiten, die zu Qualit\u00e4ts-, Effizienz- und Kosteneinsparungen f\u00fchren.<\/p>\n<\/div><\/div><\/div><div class=\"fusion-layout-column fusion_builder_column fusion-builder-column-3 fusion_builder_column_1_1 1_1 fusion-flex-column\" style=\"--awb-bg-size:cover;--awb-width-large:100%;--awb-margin-top-large:0px;--awb-spacing-right-large:1.92%;--awb-margin-bottom-large:20px;--awb-spacing-left-large:1.92%;--awb-width-medium:100%;--awb-spacing-right-medium:1.92%;--awb-spacing-left-medium:1.92%;--awb-width-small:100%;--awb-spacing-right-small:1.92%;--awb-spacing-left-small:1.92%;\"><div class=\"fusion-column-wrapper fusion-flex-justify-content-flex-start fusion-content-layout-column\"><div class=\"fusion-separator fusion-full-width-sep\" style=\"align-self: center;margin-left: auto;margin-right: auto;margin-top:100px;width:100%;\"><\/div><div class=\"fusion-text fusion-text-3\"><h2><span style=\"color: #000000;\">Die Integration der gesamten Schleifstrasse.<\/span><\/h2>\n<\/div><\/div><\/div><div class=\"fusion-layout-column fusion_builder_column fusion-builder-column-4 fusion_builder_column_1_1 1_1 fusion-flex-column\" style=\"--awb-bg-size:cover;--awb-width-large:100%;--awb-margin-top-large:0px;--awb-spacing-right-large:1.92%;--awb-margin-bottom-large:20px;--awb-spacing-left-large:1.92%;--awb-width-medium:100%;--awb-spacing-right-medium:1.92%;--awb-spacing-left-medium:1.92%;--awb-width-small:100%;--awb-spacing-right-small:1.92%;--awb-spacing-left-small:1.92%;\"><div class=\"fusion-column-wrapper fusion-flex-justify-content-flex-start fusion-content-layout-column\"><div class=\"fusion-text fusion-text-4\"><p>Das Verkn\u00fcpfen aller n\u00f6tigen Schleiflinienteilnehmer sorgt f\u00fcr einen transparenten Schleifprozess.<\/p>\n<p>In der horizontalen Integration werden ausgew\u00e4hlte Schleiflinienteilnehmer mit dem BQC verbunden.<br \/>\nDas BQC sammelt die Daten und gew\u00e4hrleistet eine Echtzeit-Schleifprozess\u00fcberwachung.<br \/>\nJe mehr Teilnehmer mit dem BQC verbunden sind, desto h\u00f6her ist der potentielle Nutzen.<br \/>\nEine Schnittstelle mit der Dickenmessung zum Beispiel erm\u00f6glicht eine \u00dcberwachung<br \/>\nder optimalen Schleifmaschineneinstellung aufgrund der Ist-Dicke der Platte vor, in und nach der Schleifmaschine.<\/p>\n<\/div><\/div><\/div><div class=\"fusion-layout-column fusion_builder_column fusion-builder-column-5 fusion_builder_column_1_1 1_1 fusion-flex-column\" style=\"--awb-bg-size:cover;--awb-width-large:100%;--awb-margin-top-large:0px;--awb-spacing-right-large:1.92%;--awb-margin-bottom-large:20px;--awb-spacing-left-large:1.92%;--awb-width-medium:100%;--awb-spacing-right-medium:1.92%;--awb-spacing-left-medium:1.92%;--awb-width-small:100%;--awb-spacing-right-small:1.92%;--awb-spacing-left-small:1.92%;\"><div class=\"fusion-column-wrapper fusion-flex-justify-content-flex-start fusion-content-layout-column\"><div class=\"fusion-image-element \" style=\"--awb-caption-title-font-family:var(--h2_typography-font-family);--awb-caption-title-font-weight:var(--h2_typography-font-weight);--awb-caption-title-font-style:var(--h2_typography-font-style);--awb-caption-title-size:var(--h2_typography-font-size);--awb-caption-title-transform:var(--h2_typography-text-transform);--awb-caption-title-line-height:var(--h2_typography-line-height);--awb-caption-title-letter-spacing:var(--h2_typography-letter-spacing);\"><span class=\" fusion-imageframe imageframe-none imageframe-2 hover-type-none\"><img decoding=\"async\" width=\"1200\" height=\"518\" title=\"schleifstrasse\" src=\"https:\/\/www.steinemann.com\/wp-content\/uploads\/schleifstrasse.jpg\" alt class=\"img-responsive wp-image-8089\" srcset=\"https:\/\/www.steinemann.com\/wp-content\/uploads\/schleifstrasse-300x130.jpg 300w, https:\/\/www.steinemann.com\/wp-content\/uploads\/schleifstrasse-1024x442.jpg 1024w, https:\/\/www.steinemann.com\/wp-content\/uploads\/schleifstrasse.jpg 1200w\" sizes=\"(max-width: 1200px) 100vw, 1200px\" \/><\/span><\/div><\/div><\/div><div class=\"fusion-layout-column fusion_builder_column fusion-builder-column-6 fusion_builder_column_1_1 1_1 fusion-flex-column\" style=\"--awb-bg-size:cover;--awb-width-large:100%;--awb-margin-top-large:0px;--awb-spacing-right-large:1.92%;--awb-margin-bottom-large:20px;--awb-spacing-left-large:1.92%;--awb-width-medium:100%;--awb-spacing-right-medium:1.92%;--awb-spacing-left-medium:1.92%;--awb-width-small:100%;--awb-spacing-right-small:1.92%;--awb-spacing-left-small:1.92%;\"><div class=\"fusion-column-wrapper fusion-flex-justify-content-flex-start fusion-content-layout-column\"><div class=\"fusion-separator fusion-full-width-sep\" style=\"align-self: center;margin-left: auto;margin-right: auto;margin-top:50px;width:100%;\"><\/div><div class=\"fusion-text fusion-text-5\"><h2><span style=\"color: #000000;\">Erh\u00f6hung des Automatisierungsgrads<\/span><\/h2>\n<\/div><\/div><\/div><div class=\"fusion-layout-column fusion_builder_column fusion-builder-column-7 fusion_builder_column_1_1 1_1 fusion-flex-column\" style=\"--awb-bg-size:cover;--awb-width-large:100%;--awb-margin-top-large:0px;--awb-spacing-right-large:1.92%;--awb-margin-bottom-large:20px;--awb-spacing-left-large:1.92%;--awb-width-medium:100%;--awb-spacing-right-medium:1.92%;--awb-spacing-left-medium:1.92%;--awb-width-small:100%;--awb-spacing-right-small:1.92%;--awb-spacing-left-small:1.92%;\"><div class=\"fusion-column-wrapper fusion-flex-justify-content-flex-start fusion-content-layout-column\"><div class=\"fusion-text fusion-text-6\"><p>Total Surface Quality \u2013 dieses Ziel verfolgen wir bei jeder L\u00f6sung die wir f\u00fcr unsere Kunden entwickeln. Um dieses Ziel zu erreichen arbeiten wir eng mit unseren Kunden zusammen. Im Mittelpunkt steht dabei die stetige Optimierung der Schleiflinie und des Schleifprozesses.<\/p>\n<p>Zur Implementierung eines vollintegrierten und automatisierten Schleifprozesses bieten wir unseren Kunden unterschiedliche BQC Module und Automatisierungspakete an. Je nach Leistungsumfang tragen diese dazu bei, den Automatisierungsgrad der Schleiflinie entsprechend zu erh\u00f6hen.<\/p>\n<p>Das BQC Basic Package erm\u00f6glicht durch die Vernetzung mit dem ERP- und Handling-Systems eine automatische und optimale Maschineneinstellung w\u00e4hrend eines Formatwechsels.<\/p>\n<p>Das Paket Total Thickness Control (K) bietet einen vollautomatisierten Kalibrierprozess. Die Kalibrierstationen regeln und steuern dabei automatisiert auf die gew\u00fcnschte Plattendicke.<\/p>\n<p>Das Paket Total Surface Control (N) bietet schlie\u00dflich einen vollautomatisierten Feinschleifprozess f\u00fcr eine gleichm\u00e4ssige und konstante Oberfl\u00e4chenqualit\u00e4t.<\/p>\n<p>Je nach Wahl der Zusatzmodule ist ein nahezu vollautomatisierter Schleifprozess m\u00f6glich. Im Basic-Package (BQC-BASIC + ERP) ist eine automatische Maschineneinstellung nach einem Formatwechsel inbegriffen.<br \/>\nDas Paket Total Thickness Control (K) (BQC-BASIC, ERP, INT-THICK, EXT-THICK, HANDLING) bietet einen vollautomatisierten Kalibrierprozess.<br \/>\nDas Paket Total Surface Control (N) (BQC-BASIC, ERP, INT-THICK, EXT-THICK, HANDLING, CHATTER, ROUGH) bietet schlie\u00dflich einen vollautomatisierten Feinschleifprozess.<\/p>\n<\/div><\/div><\/div><div class=\"fusion-layout-column fusion_builder_column fusion-builder-column-8 fusion_builder_column_1_1 1_1 fusion-flex-column\" style=\"--awb-padding-top:1px;--awb-padding-right:1px;--awb-padding-bottom:1px;--awb-padding-left:1px;--awb-bg-color:#ffffff;--awb-bg-color-hover:#ffffff;--awb-bg-size:cover;--awb-width-large:100%;--awb-margin-top-large:0px;--awb-spacing-right-large:1.92%;--awb-margin-bottom-large:20px;--awb-spacing-left-large:1.92%;--awb-width-medium:100%;--awb-spacing-right-medium:1.92%;--awb-spacing-left-medium:1.92%;--awb-width-small:100%;--awb-spacing-right-small:1.92%;--awb-spacing-left-small:1.92%;\"><div class=\"fusion-column-wrapper fusion-flex-justify-content-flex-start fusion-content-layout-column\">\n\t\t<div class=\"wppdfemb-frame-container-1\" style=\"-webkit-overflow-scrolling:auto;\">\n\t\t\t<iframe class=\"pdfembed-iframe nonfullscreen wppdf-emb-iframe-1\"\n\t\t\t\tsrc=\"https:\/\/www.steinemann.com\/en\/?pdfemb-data=eyJ1cmwiOiJodHRwOlwvXC93d3cuc3RlaW5lbWFubi5jb21cL3dwLWNvbnRlbnRcL3VwbG9hZHNcL2JxY19wYWNrYWdlcy5wZGYiLCJ0aXRsZSI6IkJRQ19wYWNrYWdlcyIsImluZGV4IjoxLCJwZGZJRCI6ODI1N30\"\n\t\t\t\ttitle=\"BQC_packages\"\t\t\t\tdata-pdf-id=\"8257\"\n\t\t\t\tdata-pdf-index=\"1\"\n\t\t\t\tstyle=\"border:none;width:100%;max-width:100%;height:100vh;\"\n\t\t\t\tscrolling=\"yes\">\n\t\t\t<\/iframe>\n\t\t<\/div>\n\n\t\t<\/div><\/div><div class=\"fusion-layout-column fusion_builder_column fusion-builder-column-9 fusion_builder_column_1_1 1_1 fusion-flex-column\" style=\"--awb-bg-size:cover;--awb-width-large:100%;--awb-margin-top-large:0px;--awb-spacing-right-large:1.92%;--awb-margin-bottom-large:20px;--awb-spacing-left-large:1.92%;--awb-width-medium:100%;--awb-spacing-right-medium:1.92%;--awb-spacing-left-medium:1.92%;--awb-width-small:100%;--awb-spacing-right-small:1.92%;--awb-spacing-left-small:1.92%;\"><div class=\"fusion-column-wrapper fusion-flex-justify-content-flex-start fusion-content-layout-column\"><div class=\"fusion-separator fusion-full-width-sep\" style=\"align-self: center;margin-left: auto;margin-right: auto;margin-top:50px;width:100%;\"><\/div><div class=\"fusion-text fusion-text-7\"><p>F\u00fcr Interessenten gibt es die Brosch\u00fcre zu unserem BQC-Programm auch als Download<\/p>\n<\/div><div ><a class=\"fusion-button button-flat fusion-button-default-size button-custom fusion-button-default button-1 fusion-button-default-span fusion-button-default-type\" style=\"--button_accent_color:#ffffff;--button_accent_hover_color:#ffffff;--button_border_hover_color:#ffffff;--button_gradient_top_color:#b59e7b;--button_gradient_bottom_color:#b59e7b;--button_gradient_top_color_hover:#333333;--button_gradient_bottom_color_hover:#333333;\" target=\"_self\" href=\"https:\/\/www.steinemann.com\/wp-content\/uploads\/Broschu\u0308re-BQC_de-GzD.pdf\"><span class=\"fusion-button-text awb-button__text awb-button__text--default\">Download PDF<\/span><\/a><\/div><\/div><\/div><\/div><\/div>\n","protected":false},"excerpt":{"rendered":"","protected":false},"author":9,"featured_media":0,"parent":0,"menu_order":0,"comment_status":"closed","ping_status":"closed","template":"","meta":{"footnotes":""},"class_list":["post-8249","page","type-page","status-publish","hentry"],"yoast_head":"<!-- This site is optimized with the Yoast SEO plugin v27.4 - https:\/\/yoast.com\/product\/yoast-seo-wordpress\/ -->\n<title>Prozessleitsystem BQC - Steinemann Technology AG<\/title>\n<meta name=\"robots\" content=\"index, follow, max-snippet:-1, max-image-preview:large, max-video-preview:-1\" \/>\n<link rel=\"canonical\" href=\"https:\/\/www.steinemann.com\/en\/prozessleitsystem-bqc\/\" \/>\n<meta property=\"og:locale\" content=\"en_US\" \/>\n<meta property=\"og:type\" content=\"article\" \/>\n<meta property=\"og:title\" content=\"Prozessleitsystem BQC - Steinemann Technology AG\" \/>\n<meta property=\"og:url\" content=\"https:\/\/www.steinemann.com\/en\/prozessleitsystem-bqc\/\" \/>\n<meta property=\"og:site_name\" content=\"Steinemann Technology AG\" \/>\n<meta property=\"article:modified_time\" content=\"2020-12-07T07:52:26+00:00\" \/>\n<meta property=\"og:image\" content=\"https:\/\/www.steinemann.com\/wp-content\/uploads\/advanced_automation_system.jpg\" \/>\n\t<meta property=\"og:image:width\" content=\"1200\" \/>\n\t<meta property=\"og:image:height\" content=\"924\" \/>\n\t<meta property=\"og:image:type\" content=\"image\/jpeg\" \/>\n<meta name=\"twitter:card\" content=\"summary_large_image\" \/>\n<meta name=\"twitter:label1\" content=\"Est. reading time\" \/>\n\t<meta name=\"twitter:data1\" content=\"6 minutes\" \/>\n<script type=\"application\/ld+json\" class=\"yoast-schema-graph\">{\"@context\":\"https:\\\/\\\/schema.org\",\"@graph\":[{\"@type\":\"WebPage\",\"@id\":\"https:\\\/\\\/www.steinemann.com\\\/en\\\/prozessleitsystem-bqc\\\/\",\"url\":\"https:\\\/\\\/www.steinemann.com\\\/en\\\/prozessleitsystem-bqc\\\/\",\"name\":\"Prozessleitsystem BQC - Steinemann Technology AG\",\"isPartOf\":{\"@id\":\"https:\\\/\\\/www.steinemann.com\\\/en\\\/#website\"},\"primaryImageOfPage\":{\"@id\":\"https:\\\/\\\/www.steinemann.com\\\/en\\\/prozessleitsystem-bqc\\\/#primaryimage\"},\"image\":{\"@id\":\"https:\\\/\\\/www.steinemann.com\\\/en\\\/prozessleitsystem-bqc\\\/#primaryimage\"},\"thumbnailUrl\":\"https:\\\/\\\/www.steinemann.com\\\/wp-content\\\/uploads\\\/advanced_automation_system.jpg\",\"datePublished\":\"2019-10-22T15:32:05+00:00\",\"dateModified\":\"2020-12-07T07:52:26+00:00\",\"breadcrumb\":{\"@id\":\"https:\\\/\\\/www.steinemann.com\\\/en\\\/prozessleitsystem-bqc\\\/#breadcrumb\"},\"inLanguage\":\"en-US\",\"potentialAction\":[{\"@type\":\"ReadAction\",\"target\":[\"https:\\\/\\\/www.steinemann.com\\\/en\\\/prozessleitsystem-bqc\\\/\"]}]},{\"@type\":\"ImageObject\",\"inLanguage\":\"en-US\",\"@id\":\"https:\\\/\\\/www.steinemann.com\\\/en\\\/prozessleitsystem-bqc\\\/#primaryimage\",\"url\":\"https:\\\/\\\/www.steinemann.com\\\/wp-content\\\/uploads\\\/advanced_automation_system.jpg\",\"contentUrl\":\"https:\\\/\\\/www.steinemann.com\\\/wp-content\\\/uploads\\\/advanced_automation_system.jpg\"},{\"@type\":\"BreadcrumbList\",\"@id\":\"https:\\\/\\\/www.steinemann.com\\\/en\\\/prozessleitsystem-bqc\\\/#breadcrumb\",\"itemListElement\":[{\"@type\":\"ListItem\",\"position\":1,\"name\":\"Startseite\",\"item\":\"https:\\\/\\\/www.steinemann.com\\\/en\\\/\"},{\"@type\":\"ListItem\",\"position\":2,\"name\":\"Prozessleitsystem BQC\"}]},{\"@type\":\"WebSite\",\"@id\":\"https:\\\/\\\/www.steinemann.com\\\/en\\\/#website\",\"url\":\"https:\\\/\\\/www.steinemann.com\\\/en\\\/\",\"name\":\"Steinemann Technology AG\",\"description\":\"\",\"potentialAction\":[{\"@type\":\"SearchAction\",\"target\":{\"@type\":\"EntryPoint\",\"urlTemplate\":\"https:\\\/\\\/www.steinemann.com\\\/en\\\/?s={search_term_string}\"},\"query-input\":{\"@type\":\"PropertyValueSpecification\",\"valueRequired\":true,\"valueName\":\"search_term_string\"}}],\"inLanguage\":\"en-US\"}]}<\/script>\n<!-- \/ Yoast SEO plugin. -->","yoast_head_json":{"title":"Prozessleitsystem BQC - Steinemann Technology AG","robots":{"index":"index","follow":"follow","max-snippet":"max-snippet:-1","max-image-preview":"max-image-preview:large","max-video-preview":"max-video-preview:-1"},"canonical":"https:\/\/www.steinemann.com\/en\/prozessleitsystem-bqc\/","og_locale":"en_US","og_type":"article","og_title":"Prozessleitsystem BQC - Steinemann Technology AG","og_url":"https:\/\/www.steinemann.com\/en\/prozessleitsystem-bqc\/","og_site_name":"Steinemann Technology AG","article_modified_time":"2020-12-07T07:52:26+00:00","og_image":[{"width":1200,"height":924,"url":"https:\/\/www.steinemann.com\/wp-content\/uploads\/advanced_automation_system.jpg","type":"image\/jpeg"}],"twitter_card":"summary_large_image","twitter_misc":{"Est. reading time":"6 minutes"},"schema":{"@context":"https:\/\/schema.org","@graph":[{"@type":"WebPage","@id":"https:\/\/www.steinemann.com\/en\/prozessleitsystem-bqc\/","url":"https:\/\/www.steinemann.com\/en\/prozessleitsystem-bqc\/","name":"Prozessleitsystem BQC - Steinemann Technology AG","isPartOf":{"@id":"https:\/\/www.steinemann.com\/en\/#website"},"primaryImageOfPage":{"@id":"https:\/\/www.steinemann.com\/en\/prozessleitsystem-bqc\/#primaryimage"},"image":{"@id":"https:\/\/www.steinemann.com\/en\/prozessleitsystem-bqc\/#primaryimage"},"thumbnailUrl":"https:\/\/www.steinemann.com\/wp-content\/uploads\/advanced_automation_system.jpg","datePublished":"2019-10-22T15:32:05+00:00","dateModified":"2020-12-07T07:52:26+00:00","breadcrumb":{"@id":"https:\/\/www.steinemann.com\/en\/prozessleitsystem-bqc\/#breadcrumb"},"inLanguage":"en-US","potentialAction":[{"@type":"ReadAction","target":["https:\/\/www.steinemann.com\/en\/prozessleitsystem-bqc\/"]}]},{"@type":"ImageObject","inLanguage":"en-US","@id":"https:\/\/www.steinemann.com\/en\/prozessleitsystem-bqc\/#primaryimage","url":"https:\/\/www.steinemann.com\/wp-content\/uploads\/advanced_automation_system.jpg","contentUrl":"https:\/\/www.steinemann.com\/wp-content\/uploads\/advanced_automation_system.jpg"},{"@type":"BreadcrumbList","@id":"https:\/\/www.steinemann.com\/en\/prozessleitsystem-bqc\/#breadcrumb","itemListElement":[{"@type":"ListItem","position":1,"name":"Startseite","item":"https:\/\/www.steinemann.com\/en\/"},{"@type":"ListItem","position":2,"name":"Prozessleitsystem BQC"}]},{"@type":"WebSite","@id":"https:\/\/www.steinemann.com\/en\/#website","url":"https:\/\/www.steinemann.com\/en\/","name":"Steinemann Technology AG","description":"","potentialAction":[{"@type":"SearchAction","target":{"@type":"EntryPoint","urlTemplate":"https:\/\/www.steinemann.com\/en\/?s={search_term_string}"},"query-input":{"@type":"PropertyValueSpecification","valueRequired":true,"valueName":"search_term_string"}}],"inLanguage":"en-US"}]}},"_links":{"self":[{"href":"https:\/\/www.steinemann.com\/en\/wp-json\/wp\/v2\/pages\/8249","targetHints":{"allow":["GET"]}}],"collection":[{"href":"https:\/\/www.steinemann.com\/en\/wp-json\/wp\/v2\/pages"}],"about":[{"href":"https:\/\/www.steinemann.com\/en\/wp-json\/wp\/v2\/types\/page"}],"author":[{"embeddable":true,"href":"https:\/\/www.steinemann.com\/en\/wp-json\/wp\/v2\/users\/9"}],"replies":[{"embeddable":true,"href":"https:\/\/www.steinemann.com\/en\/wp-json\/wp\/v2\/comments?post=8249"}],"version-history":[{"count":0,"href":"https:\/\/www.steinemann.com\/en\/wp-json\/wp\/v2\/pages\/8249\/revisions"}],"wp:attachment":[{"href":"https:\/\/www.steinemann.com\/en\/wp-json\/wp\/v2\/media?parent=8249"}],"curies":[{"name":"wp","href":"https:\/\/api.w.org\/{rel}","templated":true}]}}