{"id":787,"date":"2016-05-25T16:41:31","date_gmt":"2016-05-25T14:41:31","guid":{"rendered":"http:\/\/www.steinemann.com\/en\/?page_id=787"},"modified":"2020-12-07T08:52:31","modified_gmt":"2020-12-07T07:52:31","slug":"group","status":"publish","type":"page","link":"https:\/\/www.steinemann.com\/en\/company\/group\/","title":{"rendered":"Group"},"content":{"rendered":"<h1>Steinemann&#8217;s Network<\/h1>\n<h2>St\u00fcrm Holding AG and st\u00fcrmsfs ag<\/h2>\n<p><img decoding=\"async\" src=\"https:\/\/www.steinemann.com\/wp-content\/uploads\/St\u00fcrm_Gruppe_2020_engl.png\" \/><\/p>\n<p>Founded in 1917, Steinemann Technology AG is a St\u00fcrm Holding company based in St. Gallen (Switzerland). Also belonging to the St\u00fcrm Group is st\u00fcrmsfs ag, established in 1835, based in Rorschach (Switzerland) with locations throughout East Switzerland. Together Steinemann and St\u00fcrm combine 260 years of expertise in the industry.<\/p>\n<div class=\"fusion-fullwidth fullwidth-box fusion-builder-row-1 fusion-flex-container hundred-percent-fullwidth non-hundred-percent-height-scrolling\" style=\"--awb-border-radius-top-left:0px;--awb-border-radius-top-right:0px;--awb-border-radius-bottom-right:0px;--awb-border-radius-bottom-left:0px;--awb-overflow:visible;--awb-flex-wrap:wrap;\" ><div class=\"fusion-builder-row fusion-row fusion-flex-align-items-flex-start fusion-flex-content-wrap\" style=\"width:calc( 100% + 0px ) !important;max-width:calc( 100% + 0px ) !important;margin-left: calc(-0px \/ 2 );margin-right: calc(-0px \/ 2 );\"><div class=\"fusion-layout-column fusion_builder_column fusion-builder-column-0 fusion_builder_column_1_1 1_1 fusion-flex-column fusion-flex-align-self-flex-start fusion-column-no-min-height\" style=\"--awb-bg-size:cover;--awb-width-large:100%;--awb-margin-top-large:0px;--awb-spacing-right-large:0px;--awb-margin-bottom-large:0px;--awb-spacing-left-large:0px;--awb-width-medium:100%;--awb-spacing-right-medium:0px;--awb-spacing-left-medium:0px;--awb-width-small:100%;--awb-spacing-right-small:0px;--awb-spacing-left-small:0px;\"><div class=\"fusion-column-wrapper fusion-flex-justify-content-flex-start fusion-content-layout-column\"><section id=\"text-12\" class=\"widget widget_text amr_widget\">\t\t\t<div class=\"textwidget\"><style>\r\n.fusion-header-v4 .fusion-logo .fusion-logo-link::after {content:\"\";font-weight:bold;font-size:25px;padding-left:20px;color:#182b4f;line-height: 34px !important;}\r\n.post-content h1 {color: #182b4f !important;}\r\n.fusion-footer-widget-area {background-color: #002B4E !important;}\r\n.fusion-footer-widget-area ul li a {border-color:#edf2f5 !important;}\r\n<\/style><\/div>\n\t\t<\/section><\/div><\/div><\/div><\/div>\n","protected":false},"excerpt":{"rendered":"<p>Steinemann&#8217;s Network St\u00fcrm Holding AG and st\u00fcrmsfs ag Founded in 1917, Steinemann Technology AG is a St\u00fcrm Holding company based in St. Gallen (Switzerland). Also belonging to the St\u00fcrm Group is st\u00fcrmsfs ag, established in 1835, based in Rorschach (Switzerland) with locations throughout East Switzerland. Together Steinemann and St\u00fcrm combine 260 years of expertise in  [&#8230;]<\/p>\n","protected":false},"author":1,"featured_media":0,"parent":773,"menu_order":0,"comment_status":"closed","ping_status":"closed","template":"","meta":{"footnotes":""},"class_list":["post-787","page","type-page","status-publish","hentry"],"yoast_head":"<!-- This site is optimized with the Yoast SEO plugin v27.4 - https:\/\/yoast.com\/product\/yoast-seo-wordpress\/ -->\n<title>Group - Steinemann Technology AG<\/title>\n<meta name=\"robots\" content=\"index, follow, max-snippet:-1, max-image-preview:large, max-video-preview:-1\" \/>\n<link rel=\"canonical\" href=\"https:\/\/www.steinemann.com\/en\/company\/group\/\" \/>\n<meta property=\"og:locale\" content=\"en_US\" \/>\n<meta property=\"og:type\" content=\"article\" \/>\n<meta property=\"og:title\" content=\"Group - Steinemann Technology AG\" \/>\n<meta property=\"og:description\" content=\"Steinemann&#8217;s Network St\u00fcrm Holding AG and st\u00fcrmsfs ag Founded in 1917, Steinemann Technology AG is a St\u00fcrm Holding company based in St. Gallen (Switzerland). Also belonging to the St\u00fcrm Group is st\u00fcrmsfs ag, established in 1835, based in Rorschach (Switzerland) with locations throughout East Switzerland. Together Steinemann and St\u00fcrm combine 260 years of expertise in [...]\" \/>\n<meta property=\"og:url\" content=\"https:\/\/www.steinemann.com\/en\/company\/group\/\" \/>\n<meta property=\"og:site_name\" content=\"Steinemann Technology AG\" \/>\n<meta property=\"article:modified_time\" content=\"2020-12-07T07:52:31+00:00\" \/>\n<meta name=\"twitter:card\" content=\"summary_large_image\" \/>\n<meta name=\"twitter:label1\" content=\"Est. reading time\" \/>\n\t<meta name=\"twitter:data1\" content=\"1 minute\" \/>\n<script type=\"application\/ld+json\" class=\"yoast-schema-graph\">{\"@context\":\"https:\\\/\\\/schema.org\",\"@graph\":[{\"@type\":\"WebPage\",\"@id\":\"https:\\\/\\\/www.steinemann.com\\\/en\\\/company\\\/group\\\/\",\"url\":\"https:\\\/\\\/www.steinemann.com\\\/en\\\/company\\\/group\\\/\",\"name\":\"Group - Steinemann Technology AG\",\"isPartOf\":{\"@id\":\"https:\\\/\\\/www.steinemann.com\\\/en\\\/#website\"},\"datePublished\":\"2016-05-25T14:41:31+00:00\",\"dateModified\":\"2020-12-07T07:52:31+00:00\",\"breadcrumb\":{\"@id\":\"https:\\\/\\\/www.steinemann.com\\\/en\\\/company\\\/group\\\/#breadcrumb\"},\"inLanguage\":\"en-US\",\"potentialAction\":[{\"@type\":\"ReadAction\",\"target\":[\"https:\\\/\\\/www.steinemann.com\\\/en\\\/company\\\/group\\\/\"]}]},{\"@type\":\"BreadcrumbList\",\"@id\":\"https:\\\/\\\/www.steinemann.com\\\/en\\\/company\\\/group\\\/#breadcrumb\",\"itemListElement\":[{\"@type\":\"ListItem\",\"position\":1,\"name\":\"Startseite\",\"item\":\"https:\\\/\\\/www.steinemann.com\\\/en\\\/\"},{\"@type\":\"ListItem\",\"position\":2,\"name\":\"Company\",\"item\":\"https:\\\/\\\/www.steinemann.com\\\/en\\\/company\\\/\"},{\"@type\":\"ListItem\",\"position\":3,\"name\":\"Group\"}]},{\"@type\":\"WebSite\",\"@id\":\"https:\\\/\\\/www.steinemann.com\\\/en\\\/#website\",\"url\":\"https:\\\/\\\/www.steinemann.com\\\/en\\\/\",\"name\":\"Steinemann Technology AG\",\"description\":\"\",\"potentialAction\":[{\"@type\":\"SearchAction\",\"target\":{\"@type\":\"EntryPoint\",\"urlTemplate\":\"https:\\\/\\\/www.steinemann.com\\\/en\\\/?s={search_term_string}\"},\"query-input\":{\"@type\":\"PropertyValueSpecification\",\"valueRequired\":true,\"valueName\":\"search_term_string\"}}],\"inLanguage\":\"en-US\"}]}<\/script>\n<!-- \/ Yoast SEO plugin. -->","yoast_head_json":{"title":"Group - Steinemann Technology AG","robots":{"index":"index","follow":"follow","max-snippet":"max-snippet:-1","max-image-preview":"max-image-preview:large","max-video-preview":"max-video-preview:-1"},"canonical":"https:\/\/www.steinemann.com\/en\/company\/group\/","og_locale":"en_US","og_type":"article","og_title":"Group - Steinemann Technology AG","og_description":"Steinemann&#8217;s Network St\u00fcrm Holding AG and st\u00fcrmsfs ag Founded in 1917, Steinemann Technology AG is a St\u00fcrm Holding company based in St. Gallen (Switzerland). Also belonging to the St\u00fcrm Group is st\u00fcrmsfs ag, established in 1835, based in Rorschach (Switzerland) with locations throughout East Switzerland. Together Steinemann and St\u00fcrm combine 260 years of expertise in [...]","og_url":"https:\/\/www.steinemann.com\/en\/company\/group\/","og_site_name":"Steinemann Technology AG","article_modified_time":"2020-12-07T07:52:31+00:00","twitter_card":"summary_large_image","twitter_misc":{"Est. reading time":"1 minute"},"schema":{"@context":"https:\/\/schema.org","@graph":[{"@type":"WebPage","@id":"https:\/\/www.steinemann.com\/en\/company\/group\/","url":"https:\/\/www.steinemann.com\/en\/company\/group\/","name":"Group - Steinemann Technology AG","isPartOf":{"@id":"https:\/\/www.steinemann.com\/en\/#website"},"datePublished":"2016-05-25T14:41:31+00:00","dateModified":"2020-12-07T07:52:31+00:00","breadcrumb":{"@id":"https:\/\/www.steinemann.com\/en\/company\/group\/#breadcrumb"},"inLanguage":"en-US","potentialAction":[{"@type":"ReadAction","target":["https:\/\/www.steinemann.com\/en\/company\/group\/"]}]},{"@type":"BreadcrumbList","@id":"https:\/\/www.steinemann.com\/en\/company\/group\/#breadcrumb","itemListElement":[{"@type":"ListItem","position":1,"name":"Startseite","item":"https:\/\/www.steinemann.com\/en\/"},{"@type":"ListItem","position":2,"name":"Company","item":"https:\/\/www.steinemann.com\/en\/company\/"},{"@type":"ListItem","position":3,"name":"Group"}]},{"@type":"WebSite","@id":"https:\/\/www.steinemann.com\/en\/#website","url":"https:\/\/www.steinemann.com\/en\/","name":"Steinemann Technology AG","description":"","potentialAction":[{"@type":"SearchAction","target":{"@type":"EntryPoint","urlTemplate":"https:\/\/www.steinemann.com\/en\/?s={search_term_string}"},"query-input":{"@type":"PropertyValueSpecification","valueRequired":true,"valueName":"search_term_string"}}],"inLanguage":"en-US"}]}},"_links":{"self":[{"href":"https:\/\/www.steinemann.com\/en\/wp-json\/wp\/v2\/pages\/787","targetHints":{"allow":["GET"]}}],"collection":[{"href":"https:\/\/www.steinemann.com\/en\/wp-json\/wp\/v2\/pages"}],"about":[{"href":"https:\/\/www.steinemann.com\/en\/wp-json\/wp\/v2\/types\/page"}],"author":[{"embeddable":true,"href":"https:\/\/www.steinemann.com\/en\/wp-json\/wp\/v2\/users\/1"}],"replies":[{"embeddable":true,"href":"https:\/\/www.steinemann.com\/en\/wp-json\/wp\/v2\/comments?post=787"}],"version-history":[{"count":0,"href":"https:\/\/www.steinemann.com\/en\/wp-json\/wp\/v2\/pages\/787\/revisions"}],"up":[{"embeddable":true,"href":"https:\/\/www.steinemann.com\/en\/wp-json\/wp\/v2\/pages\/773"}],"wp:attachment":[{"href":"https:\/\/www.steinemann.com\/en\/wp-json\/wp\/v2\/media?parent=787"}],"curies":[{"name":"wp","href":"https:\/\/api.w.org\/{rel}","templated":true}]}}